{"id":263,"date":"2020-12-18T13:15:51","date_gmt":"2020-12-18T13:15:51","guid":{"rendered":"https:\/\/lei-registration.org\/miks-on-lei-koodid-olulised\/"},"modified":"2020-12-26T08:13:39","modified_gmt":"2020-12-26T08:13:39","slug":"miks-on-lei-koodid-olulised","status":"publish","type":"page","link":"https:\/\/lei-registration.org\/et\/miks-on-lei-koodid-olulised\/","title":{"rendered":"Miks on LEI-koodid olulised?"},"content":{"rendered":"<p>2008. aasta \u00fclemaailmne kriis, mille kutsus esile USA investeerimispanga Lehman Brothers pankrotistumine p\u00f5hjustas \u00fclemaailmsete turgude ja majanduste seas suure finants\u0161oki. \u00dcks tekkinud poliitilise ja majandusliku segaduse tulemusi oli turuosaliste operatsioonide ja praksiste suurenenud l\u00e4bipaistvus ja regulatiivne kontroll.<\/p>\n<p><span style=\"font-weight: 400;\">Kiireks LEI-koodi registreerimiseks t\u00e4itke lihtne <\/span><a href=\"https:\/\/lei-registration.org\/et\/lei-koodi-taotlus\/\"><span style=\"font-weight: 400;\">registreerimisvorm.<\/span><\/a><\/p>\n<h2>Mis on LEI-koodid ja kuidas need informatsiooni\u00a0 kaitsevad?<\/h2>\n<p>LEI-s\u00fcsteemi loomine n\u00e4gi ette rida \u00fclemaailmsel skaalal kasutatavaid regulatoorseid initsiatiive. See t\u00f5i kaasa unikaalsete juriidilise isiku tunnuste omaksv\u00f5tu paljude turuosaliste poolt. Iga \u00fcksiku finantstehingu identifitseerimine on hea praktika, mis v\u00f5ib tehingute autentimise abil lisada t\u00e4iendava turvalisuse astme.<\/p>\n<p>Finantsturgude turvalisemaks muutmiseks on ka muid meetodeid, n\u00e4iteks selliste tunnuste nagu ISIN ja CUSIP kasutamine, et varadele tuvastuskirjed luua. Sellegipoolest, LEI-le \u00fcleminekul on omalaadsed eelised. Mis k\u00f5ige t\u00e4htsam, G20 Majandusliku Stabiilsuse juhatuse (FSB) poolt v\u00e4lja pakutud \u00fchtne LEI-andmebaas on m\u00f5eldud tasuta kasutamiseks, kergesti ligip\u00e4\u00e4setav ning \u00fclemaailmne. LEI-andmebaas on kergesti ligip\u00e4\u00e4setav ning te saate otsida <a href=\"https:\/\/search.gleif.org\/#\/search\/\" target=\"_blank\" rel=\"noopener noreferrer\"><u>GLEIF otsingut\u00f6\u00f6riista <\/u><\/a>kasutades mistahes firmat.<\/p>\n<p>T\u00e4na kasutab ligi 1.7 miljonit firmat LEI-tunnuseid, kus LEI on parasjagu ainus k\u00f5ige olulisem tunnus globaalses finants\u00f6kos\u00fcsteemis.<\/p>\n<p>LEI-koodi hankimise eelised \u00fcletavad pelgalt regulatoorseks n\u00f5udeks olemise, millest kinni tuleb pidada. Globaalsete regulatsioonide j\u00e4rgimisel saavad firmad t\u00e4iendava kaubam\u00e4rgikaitse, mis kindlustab nende digitaalse identiteedi.<\/p>\n<p>LEI annab teie firmale kaubam\u00e4rgi kaitse ning kindlustab teie digitaalse identiteedi. Kui teie firma on kirjas LEI indeksis, siis teenib see valideeriva kvalifitseerijana, mis toetab, et te olete p\u00e4ris firma, mis on registreeritud reguleeritud firmade registri kaudu. Sellel p\u00f5hjusel on nii pangad kui finantsteenuste firmad hakanud uute klientide v\u00f5tmisel ning KYC protseduuride (KYC \u2013 tunne oma klienti) k\u00e4igus tegema LEI-kontrolli. Paljude pankade puhul on LEI-koodi k\u00fcsimine enne laenu v\u00f5i krediidi v\u00e4ljastamist saanud oma klientide hindamisfaasi osaks.<\/p>\n<h2>Tekkida v\u00f5ivad ohud ja ohutusmehhanismid<\/h2>\n<p>Aastaid on e-mailid ja SMS-kinnitused olnud enamike online panganduse ja teenuste standard, kaasa arvatud Forexi pankurid ja aktsiaturud. Sellegipoolest, suurenenud koroonaviiruse pandeemiaga seotud pahatahtlikud r\u00fcnnakud t\u00e4hendavad, et h\u00e4kkeritel pole erilisi probleeme n\u00f5rgematest, isegi kahefaktorilist autentimist rakendavatele s\u00fcsteemidele ligi p\u00e4\u00e4seda, ega ka koodide pealtkuulamise v\u00f5i kontotaastuss\u00fcsteemide \u00e4rakasutamisega. L\u00f5pptulemus on olnud see, et sektori \u00fcle\u00fcldine turvalisus on mitmete mehhanismide poolt n\u00f5rgestatud, mis oleksid pidanud tegelikult seda \u201eparandama\u201c.<\/p>\n<p>E-mailid ja SMS-id on olnud kahefaktoriliste h\u00e4kkimiste keskpunktiks, ning viimasel ajal ka viisiks <a href=\"https:\/\/www.theverge.com\/2014\/2\/7\/5386222\/a-string-of-thefts-hit-coinbase-bitcoins-most-reputable-wallet-service\" target=\"_blank\" rel=\"noopener noreferrer\">tarkvara t\u00f5endite (software tokens) lugemiseks<\/a> viimase minuti k\u00f5nesuunamise korraldamiseks, et <a href=\"https:\/\/www.theverge.com\/a\/anatomy-of-a-hack\" target=\"_blank\" rel=\"noopener noreferrer\">k\u00e4tte saada transiidis kasutatavaid 2FA (kahefaktoriline autentimine) koode<\/a>. Ohutusrisk on suurem kui inimesed arvavad, kusjuures peaaegu <a href=\"https:\/\/www.reuters.com\/article\/us-bitcoin-cyber-analysis-idUSKCN11411T\">kolmandik Forexi kauplemisplatvormidest <\/a>satuvad suunatud r\u00fcnnaku ohvriteks.<\/p>\n<p>Need faktorid said osaks p\u00f5hjusest, miks finantssektor v\u00f5ttis kasutusele uue, \u00fchtse LEI-koodide standardi. Lisaks legitiimsetele \u00e4ridele lihtsa identifitseerija tagamisele \u00fctleb see samuti rahvusvahelistele investoritele v\u00f5i klientidele, et te olete, kes te v\u00e4idate end olevat ning seisate oma firma taga. T\u00e4nap\u00e4eval, ajal, kus pettuse ja identiteedivarguse juhtumid on aktuaalsed, ei saa LEI-koodi paljundada, varastada ega v\u00f5ltsida, sest sellel on enim 100% ligidane garantii, mille leida saate.<\/p>\n<p>LEi-koodidel on \u00f5nnestunud tuua praegusele kaootilisele turule niiv\u00f5rd palju standardiseerimist, et <a href=\"https:\/\/www.mckinsey.com\/~\/media\/McKinsey\/Industries\/Financial%20Services\/Our%20Insights\/A%20brave%20new%20world%20for%20global%20banking\/McKinsey-Global-Banking-Annual-Review-2016.ashx\" target=\"_blank\" rel=\"noopener noreferrer\">hiljutine McKinsey uurimus <\/a>\u00a0n\u00e4itas, et \u00fclemaailmne pangandust\u00f6\u00f6stus v\u00f5ib iganenud ja aeglased KYC meetodid kiire LEI-kontrolliga asendades iga-aastaselt s\u00e4\u00e4sta 2-4 miljonit dollarit.<\/p>\n<p>Kuna LEI-koodid n\u00f5uavad iga-aastast uuendust, siis on firmadel vajadus kehtivate regulatsioonide ja n\u00f5uetega ajakohases vastavuses olla.<\/p>\n<p>Sellest j\u00e4relduvalt t\u00e4hendab see, et firmad uuendavad suurema t\u00f5en\u00e4osusega oma turvas\u00fcsteeme ja ohutuspoliitikat, katsuvad leida haavatavaid kohti ning turvariske veendumaks, et nende andmebaasid on ajakohased ning t\u00e4psed. LEI-koodi, mida pole uuendatud, kuvatakse LEI indeksis kui AEGUNUT, mis v\u00f5ib p\u00f5hjustada blokeeritud tehinguid v\u00f5i makseid ning p\u00f5hjustada finantsteenuste tagajatele komplikatsioone.<\/p>\n<h2>Uue normaalsusega kohanemine<\/h2>\n<p>LEI koodis\u00fcsteemiga tutvumine ja selle kasutuselev\u00f5tt on rajanud kiiresti firmadesse teed uute viiside loomiseks, et firmad saaksid luua oma klientidega tugeva sideme. Soodustades usalduslikku keskkonda ning usaldusv\u00e4\u00e4rseid andmeid, on klientide privaatsus ning erakordne k\u00fcberturvalisus muutumas reaalsuseks.<\/p>\n<p>Loomulikult n\u00f5uab selline uus mudel uusi oskuseid ning aktiivset osav\u00f5ttu m\u00f5lemalt, nii era- kui riiklikult isikult, kui sellest tahetakse teha kuldstandardit. Oma olemuselt muudab LEI-koodide \u00fclemaailmne rakendamine pangad andmefirmadeks. See n\u00f5uab IT portfooliot, tagakontorit, finantside ja riski infrastruktuuri oskuseid, mis suudab v\u00f5istelda parimate digitaalfirmadega. L\u00f5puks on t\u00f5en\u00e4oline, et IT funktsioonid sulanduvad t\u00e4ielikult \u00e4risegmentidesse, et arvestada muutuvate vajadustega privaatsuse, l\u00e4bipaistvuse ja turvalisuse j\u00e4rele.<\/p>\n<p><span style=\"font-weight: 400;\">Kiireks LEI-koodi registreerimiseks t\u00e4itke lihtne <\/span><a href=\"https:\/\/lei-registration.org\/et\/lei-koodi-taotlus\/\"><span style=\"font-weight: 400;\">registreerimisvorm.<\/span><\/a><\/p>\n<p>&nbsp;<\/p>\n","protected":false},"excerpt":{"rendered":"<p>2008. aasta \u00fclemaailmne kriis, mille kutsus esile USA investeerimispanga Lehman Brothers pankrotistumine p\u00f5hjustas \u00fclemaailmsete turgude ja majanduste seas suure finants\u0161oki. \u00dcks tekkinud poliitilise ja majandusliku segaduse<span class=\"excerpt-hellip\"> [\u2026]<\/span><\/p>\n","protected":false},"author":1,"featured_media":0,"parent":0,"menu_order":0,"comment_status":"closed","ping_status":"closed","template":"","meta":{"footnotes":""},"class_list":["post-263","page","type-page","status-publish","hentry"],"yoast_head":"<!-- This site is optimized with the Yoast SEO plugin v24.4 - https:\/\/yoast.com\/wordpress\/plugins\/seo\/ -->\n<title>Miks on LEI-koodid olulised? - LEI Registration<\/title>\n<meta name=\"description\" content=\"LEI n\u00e4gi ette mitmeid regulatsioone. Selle tulemusena hakkasid mitmed turuosalised kasutama rahvusvahelist identifitseerimistunnust.\" \/>\n<meta name=\"robots\" content=\"index, follow, max-snippet:-1, max-image-preview:large, max-video-preview:-1\" \/>\n<link rel=\"canonical\" href=\"https:\/\/lei-registration.org\/why-are-lei-codes-important\/\" \/>\n<meta property=\"og:locale\" content=\"et_EE\" \/>\n<meta property=\"og:type\" content=\"article\" \/>\n<meta property=\"og:title\" content=\"Miks on LEI-koodid olulised? - LEI Registration\" \/>\n<meta property=\"og:description\" content=\"LEI n\u00e4gi ette mitmeid regulatsioone. Selle tulemusena hakkasid mitmed turuosalised kasutama rahvusvahelist identifitseerimistunnust.\" \/>\n<meta property=\"og:url\" content=\"https:\/\/lei-registration.org\/why-are-lei-codes-important\/\" \/>\n<meta property=\"og:site_name\" content=\"LEI Registration\" \/>\n<meta property=\"article:modified_time\" content=\"2020-12-26T08:13:39+00:00\" \/>\n<meta name=\"twitter:card\" content=\"summary_large_image\" \/>\n<meta name=\"twitter:label1\" content=\"Est. reading time\" \/>\n\t<meta name=\"twitter:data1\" content=\"4 minutit\" \/>\n<script type=\"application\/ld+json\" class=\"yoast-schema-graph\">{\"@context\":\"https:\/\/schema.org\",\"@graph\":[{\"@type\":\"WebPage\",\"@id\":\"https:\/\/lei-registration.org\/why-are-lei-codes-important\/\",\"url\":\"https:\/\/lei-registration.org\/why-are-lei-codes-important\/\",\"name\":\"Miks on LEI-koodid olulised? - LEI Registration\",\"isPartOf\":{\"@id\":\"https:\/\/lei-registration.org\/#website\"},\"datePublished\":\"2020-12-18T13:15:51+00:00\",\"dateModified\":\"2020-12-26T08:13:39+00:00\",\"description\":\"LEI n\u00e4gi ette mitmeid regulatsioone. Selle tulemusena hakkasid mitmed turuosalised kasutama rahvusvahelist identifitseerimistunnust.\",\"breadcrumb\":{\"@id\":\"https:\/\/lei-registration.org\/why-are-lei-codes-important\/#breadcrumb\"},\"inLanguage\":\"et\",\"potentialAction\":[{\"@type\":\"ReadAction\",\"target\":[\"https:\/\/lei-registration.org\/why-are-lei-codes-important\/\"]}]},{\"@type\":\"BreadcrumbList\",\"@id\":\"https:\/\/lei-registration.org\/why-are-lei-codes-important\/#breadcrumb\",\"itemListElement\":[{\"@type\":\"ListItem\",\"position\":1,\"name\":\"Home\",\"item\":\"https:\/\/lei-registration.org\/et\/\"},{\"@type\":\"ListItem\",\"position\":2,\"name\":\"Miks on LEI-koodid olulised?\"}]},{\"@type\":\"WebSite\",\"@id\":\"https:\/\/lei-registration.org\/#website\",\"url\":\"https:\/\/lei-registration.org\/\",\"name\":\"LEI Registration\",\"description\":\"Simple &amp; Fast LEI code registration online\",\"potentialAction\":[{\"@type\":\"SearchAction\",\"target\":{\"@type\":\"EntryPoint\",\"urlTemplate\":\"https:\/\/lei-registration.org\/?s={search_term_string}\"},\"query-input\":{\"@type\":\"PropertyValueSpecification\",\"valueRequired\":true,\"valueName\":\"search_term_string\"}}],\"inLanguage\":\"et\"}]}<\/script>\n<!-- \/ Yoast SEO plugin. -->","yoast_head_json":{"title":"Miks on LEI-koodid olulised? - LEI Registration","description":"LEI n\u00e4gi ette mitmeid regulatsioone. Selle tulemusena hakkasid mitmed turuosalised kasutama rahvusvahelist identifitseerimistunnust.","robots":{"index":"index","follow":"follow","max-snippet":"max-snippet:-1","max-image-preview":"max-image-preview:large","max-video-preview":"max-video-preview:-1"},"canonical":"https:\/\/lei-registration.org\/why-are-lei-codes-important\/","og_locale":"et_EE","og_type":"article","og_title":"Miks on LEI-koodid olulised? - LEI Registration","og_description":"LEI n\u00e4gi ette mitmeid regulatsioone. Selle tulemusena hakkasid mitmed turuosalised kasutama rahvusvahelist identifitseerimistunnust.","og_url":"https:\/\/lei-registration.org\/why-are-lei-codes-important\/","og_site_name":"LEI Registration","article_modified_time":"2020-12-26T08:13:39+00:00","twitter_card":"summary_large_image","twitter_misc":{"Est. reading time":"4 minutit"},"schema":{"@context":"https:\/\/schema.org","@graph":[{"@type":"WebPage","@id":"https:\/\/lei-registration.org\/why-are-lei-codes-important\/","url":"https:\/\/lei-registration.org\/why-are-lei-codes-important\/","name":"Miks on LEI-koodid olulised? - LEI Registration","isPartOf":{"@id":"https:\/\/lei-registration.org\/#website"},"datePublished":"2020-12-18T13:15:51+00:00","dateModified":"2020-12-26T08:13:39+00:00","description":"LEI n\u00e4gi ette mitmeid regulatsioone. Selle tulemusena hakkasid mitmed turuosalised kasutama rahvusvahelist identifitseerimistunnust.","breadcrumb":{"@id":"https:\/\/lei-registration.org\/why-are-lei-codes-important\/#breadcrumb"},"inLanguage":"et","potentialAction":[{"@type":"ReadAction","target":["https:\/\/lei-registration.org\/why-are-lei-codes-important\/"]}]},{"@type":"BreadcrumbList","@id":"https:\/\/lei-registration.org\/why-are-lei-codes-important\/#breadcrumb","itemListElement":[{"@type":"ListItem","position":1,"name":"Home","item":"https:\/\/lei-registration.org\/et\/"},{"@type":"ListItem","position":2,"name":"Miks on LEI-koodid olulised?"}]},{"@type":"WebSite","@id":"https:\/\/lei-registration.org\/#website","url":"https:\/\/lei-registration.org\/","name":"LEI Registration","description":"Simple &amp; Fast LEI code registration online","potentialAction":[{"@type":"SearchAction","target":{"@type":"EntryPoint","urlTemplate":"https:\/\/lei-registration.org\/?s={search_term_string}"},"query-input":{"@type":"PropertyValueSpecification","valueRequired":true,"valueName":"search_term_string"}}],"inLanguage":"et"}]}},"_links":{"self":[{"href":"https:\/\/lei-registration.org\/et\/wp-json\/wp\/v2\/pages\/263","targetHints":{"allow":["GET"]}}],"collection":[{"href":"https:\/\/lei-registration.org\/et\/wp-json\/wp\/v2\/pages"}],"about":[{"href":"https:\/\/lei-registration.org\/et\/wp-json\/wp\/v2\/types\/page"}],"author":[{"embeddable":true,"href":"https:\/\/lei-registration.org\/et\/wp-json\/wp\/v2\/users\/1"}],"replies":[{"embeddable":true,"href":"https:\/\/lei-registration.org\/et\/wp-json\/wp\/v2\/comments?post=263"}],"version-history":[{"count":5,"href":"https:\/\/lei-registration.org\/et\/wp-json\/wp\/v2\/pages\/263\/revisions"}],"predecessor-version":[{"id":290,"href":"https:\/\/lei-registration.org\/et\/wp-json\/wp\/v2\/pages\/263\/revisions\/290"}],"wp:attachment":[{"href":"https:\/\/lei-registration.org\/et\/wp-json\/wp\/v2\/media?parent=263"}],"curies":[{"name":"wp","href":"https:\/\/api.w.org\/{rel}","templated":true}]}}