{"id":111,"date":"2020-06-19T11:20:28","date_gmt":"2020-06-19T11:20:28","guid":{"rendered":"https:\/\/lei-registration.org\/?page_id=111"},"modified":"2023-06-07T11:07:57","modified_gmt":"2023-06-07T11:07:57","slug":"avaleht","status":"publish","type":"page","link":"https:\/\/lei-registration.org\/et\/","title":{"rendered":"Lihtne ja kiire LEI koodi registreerimine"},"content":{"rendered":"","protected":false},"excerpt":{"rendered":"","protected":false},"author":1,"featured_media":0,"parent":0,"menu_order":0,"comment_status":"closed","ping_status":"closed","template":"","meta":{"footnotes":""},"class_list":["post-111","page","type-page","status-publish","hentry"],"yoast_head":"<!-- This site is optimized with the Yoast SEO plugin v24.4 - https:\/\/yoast.com\/wordpress\/plugins\/seo\/ -->\n<title>Lihtne ja kiire LEI koodi registreerimine - LEI Registration<\/title>\n<meta name=\"description\" content=\"Kiire, turvaline ja usaldusv\u00e4\u00e4rne LEI koodi registreerimine - liitu t\u00e4na tuhandete rahulolevate klientidega. T\u00e4ielik LEI haldamise teenus.\" \/>\n<meta name=\"robots\" content=\"index, follow, max-snippet:-1, max-image-preview:large, max-video-preview:-1\" \/>\n<link rel=\"canonical\" href=\"https:\/\/lei-registration.org\/et\/\" \/>\n<meta property=\"og:locale\" content=\"et_EE\" \/>\n<meta property=\"og:type\" content=\"article\" \/>\n<meta property=\"og:title\" content=\"Lihtne ja kiire LEI koodi registreerimine - LEI Registration\" \/>\n<meta property=\"og:description\" content=\"Kiire, turvaline ja usaldusv\u00e4\u00e4rne LEI koodi registreerimine - liitu t\u00e4na tuhandete rahulolevate klientidega. T\u00e4ielik LEI haldamise teenus.\" \/>\n<meta property=\"og:url\" content=\"https:\/\/lei-registration.org\/et\/\" \/>\n<meta property=\"og:site_name\" content=\"LEI Registration\" \/>\n<meta property=\"article:modified_time\" content=\"2023-06-07T11:07:57+00:00\" \/>\n<meta name=\"twitter:card\" content=\"summary_large_image\" \/>\n<script type=\"application\/ld+json\" class=\"yoast-schema-graph\">{\"@context\":\"https:\/\/schema.org\",\"@graph\":[{\"@type\":\"WebPage\",\"@id\":\"https:\/\/lei-registration.org\/et\/\",\"url\":\"https:\/\/lei-registration.org\/et\/\",\"name\":\"Lihtne ja kiire LEI koodi registreerimine - LEI Registration\",\"isPartOf\":{\"@id\":\"https:\/\/lei-registration.org\/#website\"},\"datePublished\":\"2020-06-19T11:20:28+00:00\",\"dateModified\":\"2023-06-07T11:07:57+00:00\",\"description\":\"Kiire, turvaline ja usaldusv\u00e4\u00e4rne LEI koodi registreerimine - liitu t\u00e4na tuhandete rahulolevate klientidega. T\u00e4ielik LEI haldamise teenus.\",\"breadcrumb\":{\"@id\":\"https:\/\/lei-registration.org\/et\/#breadcrumb\"},\"inLanguage\":\"et\",\"potentialAction\":[{\"@type\":\"ReadAction\",\"target\":[\"https:\/\/lei-registration.org\/et\/\"]}]},{\"@type\":\"BreadcrumbList\",\"@id\":\"https:\/\/lei-registration.org\/et\/#breadcrumb\",\"itemListElement\":[{\"@type\":\"ListItem\",\"position\":1,\"name\":\"Home\",\"item\":\"https:\/\/lei-registration.org\/et\/\"},{\"@type\":\"ListItem\",\"position\":2,\"name\":\"Lihtne ja kiire LEI koodi registreerimine\"}]},{\"@type\":\"WebSite\",\"@id\":\"https:\/\/lei-registration.org\/#website\",\"url\":\"https:\/\/lei-registration.org\/\",\"name\":\"LEI Registration\",\"description\":\"Simple &amp; Fast LEI code registration online\",\"potentialAction\":[{\"@type\":\"SearchAction\",\"target\":{\"@type\":\"EntryPoint\",\"urlTemplate\":\"https:\/\/lei-registration.org\/?s={search_term_string}\"},\"query-input\":{\"@type\":\"PropertyValueSpecification\",\"valueRequired\":true,\"valueName\":\"search_term_string\"}}],\"inLanguage\":\"et\"}]}<\/script>\n<!-- \/ Yoast SEO plugin. -->","yoast_head_json":{"title":"Lihtne ja kiire LEI koodi registreerimine - LEI Registration","description":"Kiire, turvaline ja usaldusv\u00e4\u00e4rne LEI koodi registreerimine - liitu t\u00e4na tuhandete rahulolevate klientidega. T\u00e4ielik LEI haldamise teenus.","robots":{"index":"index","follow":"follow","max-snippet":"max-snippet:-1","max-image-preview":"max-image-preview:large","max-video-preview":"max-video-preview:-1"},"canonical":"https:\/\/lei-registration.org\/et\/","og_locale":"et_EE","og_type":"article","og_title":"Lihtne ja kiire LEI koodi registreerimine - LEI Registration","og_description":"Kiire, turvaline ja usaldusv\u00e4\u00e4rne LEI koodi registreerimine - liitu t\u00e4na tuhandete rahulolevate klientidega. T\u00e4ielik LEI haldamise teenus.","og_url":"https:\/\/lei-registration.org\/et\/","og_site_name":"LEI Registration","article_modified_time":"2023-06-07T11:07:57+00:00","twitter_card":"summary_large_image","schema":{"@context":"https:\/\/schema.org","@graph":[{"@type":"WebPage","@id":"https:\/\/lei-registration.org\/et\/","url":"https:\/\/lei-registration.org\/et\/","name":"Lihtne ja kiire LEI koodi registreerimine - LEI Registration","isPartOf":{"@id":"https:\/\/lei-registration.org\/#website"},"datePublished":"2020-06-19T11:20:28+00:00","dateModified":"2023-06-07T11:07:57+00:00","description":"Kiire, turvaline ja usaldusv\u00e4\u00e4rne LEI koodi registreerimine - liitu t\u00e4na tuhandete rahulolevate klientidega. T\u00e4ielik LEI haldamise teenus.","breadcrumb":{"@id":"https:\/\/lei-registration.org\/et\/#breadcrumb"},"inLanguage":"et","potentialAction":[{"@type":"ReadAction","target":["https:\/\/lei-registration.org\/et\/"]}]},{"@type":"BreadcrumbList","@id":"https:\/\/lei-registration.org\/et\/#breadcrumb","itemListElement":[{"@type":"ListItem","position":1,"name":"Home","item":"https:\/\/lei-registration.org\/et\/"},{"@type":"ListItem","position":2,"name":"Lihtne ja kiire LEI koodi registreerimine"}]},{"@type":"WebSite","@id":"https:\/\/lei-registration.org\/#website","url":"https:\/\/lei-registration.org\/","name":"LEI Registration","description":"Simple &amp; Fast LEI code registration online","potentialAction":[{"@type":"SearchAction","target":{"@type":"EntryPoint","urlTemplate":"https:\/\/lei-registration.org\/?s={search_term_string}"},"query-input":{"@type":"PropertyValueSpecification","valueRequired":true,"valueName":"search_term_string"}}],"inLanguage":"et"}]}},"_links":{"self":[{"href":"https:\/\/lei-registration.org\/et\/wp-json\/wp\/v2\/pages\/111","targetHints":{"allow":["GET"]}}],"collection":[{"href":"https:\/\/lei-registration.org\/et\/wp-json\/wp\/v2\/pages"}],"about":[{"href":"https:\/\/lei-registration.org\/et\/wp-json\/wp\/v2\/types\/page"}],"author":[{"embeddable":true,"href":"https:\/\/lei-registration.org\/et\/wp-json\/wp\/v2\/users\/1"}],"replies":[{"embeddable":true,"href":"https:\/\/lei-registration.org\/et\/wp-json\/wp\/v2\/comments?post=111"}],"version-history":[{"count":4,"href":"https:\/\/lei-registration.org\/et\/wp-json\/wp\/v2\/pages\/111\/revisions"}],"predecessor-version":[{"id":206,"href":"https:\/\/lei-registration.org\/et\/wp-json\/wp\/v2\/pages\/111\/revisions\/206"}],"wp:attachment":[{"href":"https:\/\/lei-registration.org\/et\/wp-json\/wp\/v2\/media?parent=111"}],"curies":[{"name":"wp","href":"https:\/\/api.w.org\/{rel}","templated":true}]}}